{"id":66,"date":"2025-12-09T06:27:11","date_gmt":"2025-12-09T06:27:11","guid":{"rendered":"https:\/\/atelierbrindencre.fr\/?page_id=66"},"modified":"2026-02-03T19:39:00","modified_gmt":"2026-02-03T19:39:00","slug":"ateliers-a-domicile","status":"publish","type":"page","link":"https:\/\/atelierbrindencre.fr\/index.php\/ateliers-a-domicile\/","title":{"rendered":"Ateliers cr\u00e9atifs"},"content":{"rendered":"\n<div data-wp-context=\"{ &quot;autoclose&quot;: false, &quot;accordionItems&quot;: [] }\" data-wp-interactive=\"core\/accordion\" role=\"group\" class=\"wp-block-accordion is-layout-flow wp-block-accordion-is-layout-flow\">\n<div data-wp-class--is-open=\"state.isOpen\" data-wp-context=\"{ &quot;id&quot;: &quot;accordion-item-1&quot;, &quot;openByDefault&quot;: false }\" data-wp-init=\"callbacks.initAccordionItems\" data-wp-on-window--hashchange=\"callbacks.hashChange\" class=\"wp-block-accordion-item is-layout-flow wp-block-accordion-item-is-layout-flow\">\n<h3 class=\"wp-block-accordion-heading\"><button aria-expanded=\"false\" aria-controls=\"accordion-item-1-panel\" data-wp-bind--aria-expanded=\"state.isOpen\" data-wp-on--click=\"actions.toggle\" data-wp-on--keydown=\"actions.handleKeyDown\" id=\"accordion-item-1\" class=\"wp-block-accordion-heading__toggle\"><span class=\"wp-block-accordion-heading__toggle-title\">Ateliers \u00e0 domicile<\/span><span class=\"wp-block-accordion-heading__toggle-icon\" aria-hidden=\"true\">+<\/span><\/button><\/h3>\n\n\n\n<div inert aria-labelledby=\"accordion-item-1\" data-wp-bind--inert=\"!state.isOpen\" id=\"accordion-item-1-panel\" role=\"region\" class=\"wp-block-accordion-panel is-layout-flow wp-block-accordion-panel-is-layout-flow\">\n<h5 class=\"wp-block-heading\">Vous souhaitez organiser un anniversaire original ? Organiser un enterrement de vie de jeune fille en cr\u00e9ant des souvenirs uniques ? D\u00e9couvrir une nouvelle technique cr\u00e9ative entre ami.es ? Ou proposer un team building qui sort de l&#8217;ordinaire ?<\/h5>\n\n\n\n<hr class=\"wp-block-separator has-alpha-channel-opacity\"\/>\n\n\n\n<p>Je vous propose des ateliers \u00e0 domicile dans l&#8217;agglom\u00e9ration dijonnaise pour d\u00e9couvrir la laine feutr\u00e9e et repartir avec vos cr\u00e9ations.<\/p>\n\n\n\n<p>Pour r\u00e9server un atelier, <a href=\"https:\/\/www.sumupbookings.com\/atelier-brin-dencre\" data-type=\"link\" data-id=\"https:\/\/www.sumupbookings.com\/atelier-brin-dencre\" target=\"_blank\" rel=\"noreferrer noopener\">rendez-vous dans mon agenda<\/a> !<\/p>\n\n\n\n<p>Pour r\u00e9server \u00e0 une date qui ne figurerait pas dans l&#8217;agenda ou pour un atelier personnalis\u00e9 (EVJF avec une cr\u00e9ation particuli\u00e8re : ab\u00e9c\u00e9daire personnalis\u00e9, tote bag customis\u00e9&#8230;), vous pouvez me contacter par mail \u00e0 <a href=\"mailto:jeanne-marie@atelierbrindencre.fr\">jeanne-marie@atelierbrindencre.fr<\/a> et nous cr\u00e9erons votre atelier ensemble.<\/p>\n<\/div>\n<\/div>\n<\/div>\n\n\n\n<p><\/p>\n","protected":false},"excerpt":{"rendered":"","protected":false},"author":1,"featured_media":0,"parent":0,"menu_order":0,"comment_status":"closed","ping_status":"closed","template":"","meta":{"footnotes":""},"class_list":["post-66","page","type-page","status-publish","hentry"],"_links":{"self":[{"href":"https:\/\/atelierbrindencre.fr\/index.php\/wp-json\/wp\/v2\/pages\/66","targetHints":{"allow":["GET"]}}],"collection":[{"href":"https:\/\/atelierbrindencre.fr\/index.php\/wp-json\/wp\/v2\/pages"}],"about":[{"href":"https:\/\/atelierbrindencre.fr\/index.php\/wp-json\/wp\/v2\/types\/page"}],"author":[{"embeddable":true,"href":"https:\/\/atelierbrindencre.fr\/index.php\/wp-json\/wp\/v2\/users\/1"}],"replies":[{"embeddable":true,"href":"https:\/\/atelierbrindencre.fr\/index.php\/wp-json\/wp\/v2\/comments?post=66"}],"version-history":[{"count":10,"href":"https:\/\/atelierbrindencre.fr\/index.php\/wp-json\/wp\/v2\/pages\/66\/revisions"}],"predecessor-version":[{"id":118,"href":"https:\/\/atelierbrindencre.fr\/index.php\/wp-json\/wp\/v2\/pages\/66\/revisions\/118"}],"wp:attachment":[{"href":"https:\/\/atelierbrindencre.fr\/index.php\/wp-json\/wp\/v2\/media?parent=66"}],"curies":[{"name":"wp","href":"https:\/\/api.w.org\/{rel}","templated":true}]}}