{"id":71,"date":"2025-12-09T06:51:17","date_gmt":"2025-12-09T06:51:17","guid":{"rendered":"https:\/\/atelierbrindencre.fr\/?page_id=71"},"modified":"2026-01-20T07:40:04","modified_gmt":"2026-01-20T07:40:04","slug":"creations","status":"publish","type":"page","link":"https:\/\/atelierbrindencre.fr\/index.php\/creations\/","title":{"rendered":"Boutique"},"content":{"rendered":"\n<p>Bienvenue dans ma boutique en ligne. <\/p>\n\n\n\n<p>Vous y trouverez mes cr\u00e9ations et vous pourrez \u00e9galement acc\u00e9der \u00e0 la r\u00e9servation d&#8217;ateliers \u00e0 domicile.<\/p>\n\n\n\n<div class=\"wp-block-buttons is-content-justification-center is-layout-flex wp-container-core-buttons-is-layout-16018d1d wp-block-buttons-is-layout-flex\">\n<div class=\"wp-block-button\"><a class=\"wp-block-button__link wp-element-button\" href=\"https:\/\/ptite-boutique-atelier-brin-dencre.sumupstore.com\/\" target=\"_blank\" rel=\"noreferrer noopener\">Acc\u00e9dez \u00e0 ma boutique en ligne<\/a><\/div>\n<\/div>\n\n\n\n<p><\/p>\n","protected":false},"excerpt":{"rendered":"<p>Bienvenue dans ma boutique en ligne. Vous y trouverez mes cr\u00e9ations et vous pourrez \u00e9galement acc\u00e9der \u00e0 la r\u00e9servation d&#8217;ateliers [&hellip;]<\/p>\n","protected":false},"author":1,"featured_media":0,"parent":0,"menu_order":0,"comment_status":"closed","ping_status":"closed","template":"","meta":{"footnotes":""},"class_list":["post-71","page","type-page","status-publish","hentry"],"_links":{"self":[{"href":"https:\/\/atelierbrindencre.fr\/index.php\/wp-json\/wp\/v2\/pages\/71","targetHints":{"allow":["GET"]}}],"collection":[{"href":"https:\/\/atelierbrindencre.fr\/index.php\/wp-json\/wp\/v2\/pages"}],"about":[{"href":"https:\/\/atelierbrindencre.fr\/index.php\/wp-json\/wp\/v2\/types\/page"}],"author":[{"embeddable":true,"href":"https:\/\/atelierbrindencre.fr\/index.php\/wp-json\/wp\/v2\/users\/1"}],"replies":[{"embeddable":true,"href":"https:\/\/atelierbrindencre.fr\/index.php\/wp-json\/wp\/v2\/comments?post=71"}],"version-history":[{"count":5,"href":"https:\/\/atelierbrindencre.fr\/index.php\/wp-json\/wp\/v2\/pages\/71\/revisions"}],"predecessor-version":[{"id":110,"href":"https:\/\/atelierbrindencre.fr\/index.php\/wp-json\/wp\/v2\/pages\/71\/revisions\/110"}],"wp:attachment":[{"href":"https:\/\/atelierbrindencre.fr\/index.php\/wp-json\/wp\/v2\/media?parent=71"}],"curies":[{"name":"wp","href":"https:\/\/api.w.org\/{rel}","templated":true}]}}