{"id":8,"date":"2025-11-18T14:50:07","date_gmt":"2025-11-18T14:50:07","guid":{"rendered":"https:\/\/atelierbrindencre.fr\/?page_id=8"},"modified":"2026-01-20T07:51:29","modified_gmt":"2026-01-20T07:51:29","slug":"accueil","status":"publish","type":"page","link":"https:\/\/atelierbrindencre.fr\/","title":{"rendered":"Accueil"},"content":{"rendered":"\n<h2 class=\"wp-block-heading\">Bienvenue dans mon atelier !<\/h2>\n\n\n\n<p><\/p>\n\n\n\n<figure class=\"wp-block-gallery has-nested-images columns-default is-cropped wp-block-gallery-1 is-layout-flex wp-block-gallery-is-layout-flex\">\n<figure class=\"wp-block-image size-large\"><img loading=\"lazy\" decoding=\"async\" width=\"520\" height=\"520\" data-id=\"75\" src=\"https:\/\/atelierbrindencre.fr\/wp-content\/uploads\/2025\/12\/Laine_feutree_intro.jpg\" alt=\"\" class=\"wp-image-75\" srcset=\"https:\/\/atelierbrindencre.fr\/wp-content\/uploads\/2025\/12\/Laine_feutree_intro.jpg 520w, https:\/\/atelierbrindencre.fr\/wp-content\/uploads\/2025\/12\/Laine_feutree_intro-300x300.jpg 300w, https:\/\/atelierbrindencre.fr\/wp-content\/uploads\/2025\/12\/Laine_feutree_intro-150x150.jpg 150w\" sizes=\"auto, (max-width: 520px) 100vw, 520px\" \/><\/figure>\n\n\n\n<figure class=\"wp-block-image size-large\"><img loading=\"lazy\" decoding=\"async\" width=\"520\" height=\"520\" data-id=\"78\" src=\"https:\/\/atelierbrindencre.fr\/wp-content\/uploads\/2025\/12\/Calligraphie_intro.jpg\" alt=\"\" class=\"wp-image-78\" srcset=\"https:\/\/atelierbrindencre.fr\/wp-content\/uploads\/2025\/12\/Calligraphie_intro.jpg 520w, https:\/\/atelierbrindencre.fr\/wp-content\/uploads\/2025\/12\/Calligraphie_intro-300x300.jpg 300w, https:\/\/atelierbrindencre.fr\/wp-content\/uploads\/2025\/12\/Calligraphie_intro-150x150.jpg 150w\" sizes=\"auto, (max-width: 520px) 100vw, 520px\" \/><\/figure>\n\n\n\n<figure class=\"wp-block-image size-large\"><img loading=\"lazy\" decoding=\"async\" width=\"520\" height=\"520\" data-id=\"81\" src=\"https:\/\/atelierbrindencre.fr\/wp-content\/uploads\/2025\/12\/Linogravure_intro.jpg\" alt=\"\" class=\"wp-image-81\" srcset=\"https:\/\/atelierbrindencre.fr\/wp-content\/uploads\/2025\/12\/Linogravure_intro.jpg 520w, https:\/\/atelierbrindencre.fr\/wp-content\/uploads\/2025\/12\/Linogravure_intro-300x300.jpg 300w, https:\/\/atelierbrindencre.fr\/wp-content\/uploads\/2025\/12\/Linogravure_intro-150x150.jpg 150w\" sizes=\"auto, (max-width: 520px) 100vw, 520px\" \/><\/figure>\n<\/figure>\n\n\n\n<p><\/p>\n\n\n\n<p>Cela fait plus de 15 ans que j&#8217;ai saisi une aiguille \u00e0 feutrer pour la premi\u00e8re fois !<br><br>Le plaisir m\u00e9ditatif de modeler la laine par petits gestes r\u00e9p\u00e9t\u00e9s et r\u00e9fl\u00e9chis, de voir na\u00eetre sous mes doigts des petites figurines, des d\u00e9corations tout en couleurs et en douceur ne m&#8217;a jamais quitt\u00e9e.<br><br>Et parce que j&#8217;ai envie de partager cela avec d&#8217;autres, je propose des ateliers au cours desquels enfants et adultes pourront d\u00e9couvrir cette technique et repartir avec leur petite sculpture douce et l\u00e9g\u00e8re.<\/p>\n\n\n\n<p>Je ne pouvais cependant pas laisser de c\u00f4t\u00e9 ma passion pour les lettres et les typographies&#8230; C&#8217;est pourquoi, je cr\u00e9e aussi \u00e0 la main des ab\u00e9c\u00e9daires personnalis\u00e9s pour c\u00e9l\u00e9brer des rencontres, des lieux, des personnes&#8230;<br><br>Je suis disponible pour \u00e9changer avec vous et cr\u00e9er sur-mesure un ab\u00e9c\u00e9daire qui vous ressemblera. Monochrome, en couleurs, sage ou un peu agit\u00e9, il rappellera les meilleurs moments de votre vie !<\/p>\n\n\n\n<p>Enfin, j&#8217;ai commenc\u00e9 la linogravure pour cr\u00e9er mes tampons personnalis\u00e9s, et puis, des id\u00e9es d&#8217;illustrations d\u00e9cal\u00e9es, po\u00e9tiques me viennent que je grave pour pouvoir (but ultime incontournable ici) les mettre en couleurs !<\/p>\n\n\n\n<p>En effet, je ne peux concevoir un projet sans qu&#8217;il soit color\u00e9 et gai.<\/p>\n\n\n\n<p>Je vous laisse d\u00e9couvrir mon univers sur ces pages et me contacter pour tout renseignement : <a href=\"mailto:jeanne-marie@atelierbrindencre.fr\">jeanne-marie@atelierbrindencre.fr<\/a><\/p>\n\n\n\n<p><\/p>\n\n\n\n<div class=\"wp-block-columns is-layout-flex wp-container-core-columns-is-layout-9d6595d7 wp-block-columns-is-layout-flex\">\n<div class=\"wp-block-column is-layout-flow wp-block-column-is-layout-flow\">\n<h2 class=\"wp-block-heading has-text-align-center\">Ma boutique en ligne<\/h2>\n\n\n\n<p><\/p>\n\n\n\n<div class=\"wp-block-buttons is-content-justification-center is-layout-flex wp-container-core-buttons-is-layout-16018d1d wp-block-buttons-is-layout-flex\">\n<div class=\"wp-block-button\"><a class=\"wp-block-button__link wp-element-button\" href=\"https:\/\/ptite-boutique-atelier-brin-dencre.sumupstore.com\/\" target=\"_blank\" rel=\"noreferrer noopener\">Acheter une de mes cr\u00e9ations<\/a><\/div>\n<\/div>\n<\/div>\n\n\n\n<div class=\"wp-block-column is-layout-flow wp-block-column-is-layout-flow\">\n<h2 class=\"wp-block-heading has-text-align-center\">Ateliers \u00e0 domicile<\/h2>\n\n\n\n<p><\/p>\n\n\n\n<div class=\"wp-block-buttons is-content-justification-center is-layout-flex wp-container-core-buttons-is-layout-16018d1d wp-block-buttons-is-layout-flex\">\n<div class=\"wp-block-button\"><a class=\"wp-block-button__link wp-element-button\" href=\"https:\/\/atelierbrindencre.fr\/index.php\/ateliers-a-domicile\/\" target=\"_blank\" rel=\"noreferrer noopener\">R\u00e9server un atelier cr\u00e9atif \u00e0 domicile<\/a><\/div>\n<\/div>\n<\/div>\n<\/div>\n\n\n\n<p><\/p>\n","protected":false},"excerpt":{"rendered":"<p>Bienvenue dans mon atelier ! Cela fait plus de 15 ans que j&#8217;ai saisi une aiguille \u00e0 feutrer pour la [&hellip;]<\/p>\n","protected":false},"author":1,"featured_media":0,"parent":0,"menu_order":0,"comment_status":"closed","ping_status":"closed","template":"","meta":{"footnotes":""},"class_list":["post-8","page","type-page","status-publish","hentry"],"_links":{"self":[{"href":"https:\/\/atelierbrindencre.fr\/index.php\/wp-json\/wp\/v2\/pages\/8","targetHints":{"allow":["GET"]}}],"collection":[{"href":"https:\/\/atelierbrindencre.fr\/index.php\/wp-json\/wp\/v2\/pages"}],"about":[{"href":"https:\/\/atelierbrindencre.fr\/index.php\/wp-json\/wp\/v2\/types\/page"}],"author":[{"embeddable":true,"href":"https:\/\/atelierbrindencre.fr\/index.php\/wp-json\/wp\/v2\/users\/1"}],"replies":[{"embeddable":true,"href":"https:\/\/atelierbrindencre.fr\/index.php\/wp-json\/wp\/v2\/comments?post=8"}],"version-history":[{"count":11,"href":"https:\/\/atelierbrindencre.fr\/index.php\/wp-json\/wp\/v2\/pages\/8\/revisions"}],"predecessor-version":[{"id":115,"href":"https:\/\/atelierbrindencre.fr\/index.php\/wp-json\/wp\/v2\/pages\/8\/revisions\/115"}],"wp:attachment":[{"href":"https:\/\/atelierbrindencre.fr\/index.php\/wp-json\/wp\/v2\/media?parent=8"}],"curies":[{"name":"wp","href":"https:\/\/api.w.org\/{rel}","templated":true}]}}